{"id":11,"date":"2013-12-26T10:05:09","date_gmt":"2013-12-26T08:05:09","guid":{"rendered":"http:\/\/www.mskgrup.com.tr\/wp\/?page_id=11"},"modified":"2014-04-21T13:38:57","modified_gmt":"2014-04-21T10:38:57","slug":"hakkimizda","status":"publish","type":"page","link":"https:\/\/www.mskgrup.com.tr\/wp\/hakkimizda\/","title":{"rendered":"Hakk\u0131m\u0131zda"},"content":{"rendered":"<p><b>MSK GRUP YATIRIM \u0130N\u015eAAT TUR\u0130ZM A.\u015e.<\/b> Do\u011fru zamanda do\u011fru yerlerde yapaca\u011f\u0131 stratejik hamlelerle reel sekt\u00f6rde b\u00fcy\u00fck bir yat\u0131r\u0131m dinamosu haline gelmeyi hedefleyen K\u0131z\u0131lkaplan \u015eirketler Grubu\u2019nun amiral gemilerinden birisi olan MSK GRUP Yat\u0131r\u0131m \u0130n\u015faat Turizm A.\u015e. a\u011f\u0131rl\u0131kl\u0131 olarak altyap\u0131 ve \u00fcstyap\u0131 in\u015faat ve taahh\u00fct i\u015fleri ile gayrimenkul ve i\u015f makineleri al\u0131m ve sat\u0131m\u0131 ile u\u011fra\u015fmak \u00fczere kurulmu\u015ftur. \u015eirketler grubunun finans sekt\u00f6r\u00fcndeki faaliyetlerine son vermesinin ard\u0131ndan MSK GRUP 2006 y\u0131l\u0131ndan beri de reel sekt\u00f6r yat\u0131r\u0131mlar\u0131n\u0131 ger\u00e7ekle\u015ftirmek \u00fczere \u00e7al\u0131\u015fmalar\u0131na devam etmektedir. 1992 y\u0131l\u0131nda kurulmu\u015f olan K\u0131z\u0131lkaplan \u0130n\u015faat Turizm Ltd. \u015eti. ile 2013 y\u0131l\u0131 ba\u015flar\u0131nda MSK GRUP Yat\u0131r\u0131m \u0130n\u015faat Turizm A.\u015e. ismi ve \u00e7at\u0131s\u0131 alt\u0131nda devir yoluyla birle\u015fmi\u015ftir. MSK Grup 2003 y\u0131l\u0131nda KANALET \u0130n\u015f. firmas\u0131yla olu\u015fturulan adi ortakl\u0131kla Denizli Sarayk\u00f6y-G\u00f6lemezli III. K\u0131s\u0131m Sulama \u0130n\u015faat\u0131 i\u015fini tamamlam\u0131\u015ft\u0131r. 2012 y\u0131l\u0131 i\u00e7erisinde \u0130stanbul Kumburgaz\u2019da MERCIA HOTEL &amp; RESORTS (o zamanki ad\u0131yla KUM RESORT OTEL) in\u015fa edilmi\u015ftir. Yine 2012\u2019de BE-HA-\u015eE \u0130n\u015faat Ltd. \u015eti. ile birlikte Hatay Samanda\u011f\u2019da \u201cB\u00fcy\u00fck Kara\u00e7ay Baraj\u0131 HES Projesi\u201d in\u015faat\u0131 yap\u0131m\u0131 i\u00e7in s\u00f6zle\u015fme imzalanm\u0131\u015f olup bu \u015fantiyemizde \u00e7al\u0131\u015fmalar devam etmektedir. 2013\u2019e gelindi\u011finde \u00f6zellikle in\u015faat ve taahh\u00fct alan\u0131ndaki yat\u0131r\u0131mlar\u0131na h\u0131z veren firmam\u0131z kendisine ait olan Ankara Bat\u0131kent-\u00c7ak\u0131rlar mevkiinde 48 adet konut ve 2400 m2\u2019lik bir ticari alandan olu\u015fan BATILIFE projesi kapsam\u0131nda in\u015faat \u00e7al\u0131\u015fmalar\u0131na ba\u015flam\u0131\u015ft\u0131r. E\u015f zamanl\u0131 olarak Kuzey Ankara Giri\u015fi Kentsel D\u00f6n\u00fc\u015f\u00fcm Projesi \u0130n\u015faat\u0131 i\u015fine ait yol, altyap\u0131, elektrik ve telekom i\u015flerinin yap\u0131m\u0131 i\u00e7in Ana Y\u00fcklenici olan \u00d6ZDO\u011eANLAR TAAH. \u0130N\u015e. SAN. T\u0130C. A.\u015e. ile s\u00f6zle\u015fme imzalanm\u0131\u015f \u00f6te yandan yine KANALET \u0130n\u015f. firmas\u0131yla yap\u0131lan adi ortakl\u0131kla Antalya Manavgat\u2019ta Kanyon Reg\u00fclat\u00f6r\u00fc ve HES in\u015faat\u0131 yap\u0131m\u0131 i\u00e7in SE\u00c7ENEK ENERJ\u0130 ELEKTR\u0130K \u00dcRET\u0130M LTD. \u015eT\u0130. \u00a0ile protokol yap\u0131lm\u0131\u015ft\u0131r. B\u00fct\u00fcn bu projelerde tamamen kendi \u00f6z kaynaklar\u0131n\u0131 kullanan \u015firketimiz mali a\u00e7\u0131dan \u00e7ok kuvvetli olup hi\u00e7bir bankadan maddi kredi riski ta\u015f\u0131mamaktad\u0131r. MSK Grup\u2019un di\u011fer \u00f6nemli bir yat\u0131r\u0131m\u0131 da Ankara G\u00f6lba\u015f\u0131\u2019nda 246 d\u00f6n\u00fcm arazi \u00fczerine kurulmu\u015f olan Capital Country Club\u2019t\u0131r. B\u00fcnyesinde in\u015faat\u0131 taraf\u0131m\u0131zdan yap\u0131lacak 100\u2019e yak\u0131n \u00f6zel villan\u0131n yer alaca\u011f\u0131 \u201ccountry\u201d tarz\u0131 bir siteyi de bar\u0131nd\u0131ran Capital Country Club T\u00fcrkiye\u2019nin en geli\u015fmi\u015f binicilik tesislerinden birisi olan Ba\u015fkent Binicilik Kul\u00fcb\u00fc\u2019ne de ev sahipli\u011fi yapmaktad\u0131r. \u0130\u00e7erisindeki a\u00e7\u0131k y\u00fczme havuzu, tenis kortlar\u0131, basketbol ve voleybol sahalar\u0131, fitness merkezi, oyun salonlar\u0131, \u00e7ocuklar i\u00e7in oyun park\u0131, a\u00e7\u0131k ve kapal\u0131 alanlarda restoran ve barlar\u0131 ile komple bir ya\u015fam merkezi olan tesis i\u00e7inde yer alan at pansiyonlar\u0131m\u0131zda atlar\u0131n\u0131z i\u00e7in bak\u0131m hizmetleri verilmekte ve manejlerimizde her ya\u015ftan binici i\u00e7in temel ve profesyonel binicilik e\u011fitimleri verilmektedir. T\u00fcrkiye\u2019deki pek \u00e7ok prestijli ve \u00f6d\u00fcll\u00fc engel atlama m\u00fcsabakalar\u0131n\u0131n d\u00fczenlendi\u011fi tesisimiz ba\u015fkent Ankara\u2019n\u0131n g\u00f6zbebe\u011fi konumundad\u0131r. Capital Country Club hakk\u0131nda daha detayl\u0131 bilgi ve foto\u011fraflar i\u00e7in l\u00fctfen\u00a0<a href=\"http:\/\/www.capitalcountry.com\/\">www.capitalcountry.com<\/a>\u00a0web sayfas\u0131n\u0131 ziyaret edip, tesis hakk\u0131ndaki sorular\u0131n\u0131z ve \u00fcyelik i\u00e7in yetkili personelimiz ile temasa ge\u00e7iniz. Sizleri de \u015fehrin bo\u011fucu ve stresli atmosferinden bir s\u00fcreli\u011fine de olsa kurtulup sevdiklerinizle unutulmaz anlar ge\u00e7irece\u011finiz G\u00f6lba\u015f\u0131 \u2013 Ball\u0131kp\u0131nar\u2019daki tesisimize bekliyoruz.<\/p>\n","protected":false},"excerpt":{"rendered":"<p>MSK GRUP YATIRIM \u0130N\u015eAAT TUR\u0130ZM A.\u015e. Do\u011fru zamanda do\u011fru yerlerde yapaca\u011f\u0131 stratejik hamlelerle reel sekt\u00f6rde b\u00fcy\u00fck bir yat\u0131r\u0131m dinamosu haline gelmeyi hedefleyen K\u0131z\u0131lkaplan \u015eirketler Grubu\u2019nun amiral gemilerinden birisi olan MSK GRUP Yat\u0131r\u0131m \u0130n\u015faat Turizm A.\u015e. a\u011f\u0131rl\u0131kl\u0131 olarak altyap\u0131 ve \u00fcstyap\u0131 in\u015faat ve taahh\u00fct i\u015fleri ile gayrimenkul ve i\u015f makineleri al\u0131m \u2026 <a class=\"continue-reading-link\" href=\"https:\/\/www.mskgrup.com.tr\/wp\/hakkimizda\/\">Continue reading<i class=\"icon-right-dir\"><\/i><\/a><\/p>\n","protected":false},"author":1,"featured_media":0,"parent":0,"menu_order":0,"comment_status":"closed","ping_status":"open","template":"","meta":[],"_links":{"self":[{"href":"https:\/\/www.mskgrup.com.tr\/wp\/wp-json\/wp\/v2\/pages\/11"}],"collection":[{"href":"https:\/\/www.mskgrup.com.tr\/wp\/wp-json\/wp\/v2\/pages"}],"about":[{"href":"https:\/\/www.mskgrup.com.tr\/wp\/wp-json\/wp\/v2\/types\/page"}],"author":[{"embeddable":true,"href":"https:\/\/www.mskgrup.com.tr\/wp\/wp-json\/wp\/v2\/users\/1"}],"replies":[{"embeddable":true,"href":"https:\/\/www.mskgrup.com.tr\/wp\/wp-json\/wp\/v2\/comments?post=11"}],"version-history":[{"count":9,"href":"https:\/\/www.mskgrup.com.tr\/wp\/wp-json\/wp\/v2\/pages\/11\/revisions"}],"predecessor-version":[{"id":384,"href":"https:\/\/www.mskgrup.com.tr\/wp\/wp-json\/wp\/v2\/pages\/11\/revisions\/384"}],"wp:attachment":[{"href":"https:\/\/www.mskgrup.com.tr\/wp\/wp-json\/wp\/v2\/media?parent=11"}],"curies":[{"name":"wp","href":"https:\/\/api.w.org\/{rel}","templated":true}]}}